{"id":179,"date":"2017-01-26T14:08:49","date_gmt":"2017-01-26T14:08:49","guid":{"rendered":"http:\/\/s671038930.mialojamiento.es\/?page_id=179"},"modified":"2026-01-28T10:24:14","modified_gmt":"2026-01-28T10:24:14","slug":"aviso-legal","status":"publish","type":"page","link":"https:\/\/www.manubrok.com\/ca\/aviso-legal\/","title":{"rendered":"Aviso legal"},"content":{"rendered":"<p>En cumplimiento del art\u00edculo 10 de la Ley 34\/2002, del 11 de julio, de servicios de la Sociedad de la Informaci\u00f3n y Comercio Electr\u00f3nico (LSSICE) se exponen a continuaci\u00f3n los datos identificativos de la empresa.<\/p>\n<p><strong>Denominaci\u00f3n social:<br \/>\n<\/strong>MANUBROK,SL<\/p>\n<p><strong>N\u00famero de identificaci\u00f3n fiscal:<br \/>\n<\/strong>B63520076<strong>\u00a0<\/strong><\/p>\n<p><strong>Domicilio social:<br \/>\n<\/strong>Arqu\u00edmedes 267 2\u00ba 2\u00aa<br \/>\n08224 TERRASSA<\/p>\n<p><strong>Correo electr\u00f3nico:<br \/>\n<\/strong>jordi@manubrok.com<strong>\u00a0<\/strong><\/p>\n<p><strong>Tel\u00e9fono:<br \/>\n<\/strong>607902423<\/p>\n<p><strong>Datos de inscripci\u00f3n en el registro mercantil:<br \/>\n<\/strong>MANUBROK,SL, sociedad limitada constituida en Terrassa, en el a\u00f1o 2004, Con domicilio social en Calle Arqu\u00edmedes 267 2\u00ba 2\u00aa\u00a0 de TTerrassa.<\/p>\n<p>Inscrita en el Registro Mercantil de Barcelona en el tomo 36606, folio 137, y hoja B-279810<\/p>\n<p><strong>Datos relativos a la autorizaci\u00f3n administrativa previa para el ejercicio de la actividad:<br \/>\n<\/strong>J-2967<\/p>\n<p><strong>Servicio de atenci\u00f3n al cliente:<br \/>\n<\/strong>A.C.C.A (Assocciaci\u00f3 Catalana de corredories d&#8217;Assegurances, delegadan en EMIN GLOBAL,S.L. (Edifici CECOT,Santa Pau,6 de Terrassa.<\/p>\n<p>Este sitio web ha sido creado por la empresa MANUBROK,SL con car\u00e1cter informativo y para uso personal de los usuarios.A trav\u00e9s de este Aviso legal, se pretende regular el acceso y uso de este sitio web, as\u00ed como la relaci\u00f3n entre el sitio web y sus usuarios. Accediendo a este sitio web se aceptan los siguientes t\u00e9rminos y condiciones: El acceso a este sitio web es responsabilidad exclusiva de los usuarios.<\/p>\n<p>El simple acceso a este sitio web no supone entablar ning\u00fan tipo de relaci\u00f3n comercial entre MANUBROK,SL y el usuario.<\/p>\n<p>El acceso y la navegaci\u00f3n en este sitio web supone aceptar y conocer las advertencias legales, condiciones y t\u00e9rminos de uso contenidas en ella.<\/p>\n<p>El titular del sitio web puede ofrecer servicios o productos que podr\u00e1n encontrarse sometidos a unas condiciones particulares propias que, seg\u00fan los casos, sustituyan, completen y\/o modifiquen las presentes condiciones, y sobre las cuales se informar\u00e1 al usuario en cada caso concreto.<\/p>\n","protected":false},"excerpt":{"rendered":"<p>En cumplimiento del art\u00edculo 10 de la Ley 34\/2002, del 11 de julio, de servicios de la Sociedad de la Informaci\u00f3n y Comercio Electr\u00f3nico (LSSICE) se exponen a continuaci\u00f3n los datos identificativos de la empresa. Denominaci\u00f3n social: MANUBROK,SL N\u00famero de identificaci\u00f3n fiscal: B63520076\u00a0 Domicilio social: Arqu\u00edmedes 267 2\u00ba 2\u00aa 08224 TERRASSA Correo electr\u00f3nico: jordi@manubrok.com\u00a0 Tel\u00e9fono: 607902423 Datos de inscripci\u00f3n en el registro mercantil: MANUBROK,SL, sociedad limitada constituida en Terrassa, en el a\u00f1o 2004, Con domicilio&hellip;<\/p>\n","protected":false},"author":3,"featured_media":0,"parent":0,"menu_order":0,"comment_status":"closed","ping_status":"closed","template":"","meta":{"footnotes":""},"class_list":["post-179","page","type-page","status-publish","hentry"],"_links":{"self":[{"href":"https:\/\/www.manubrok.com\/ca\/wp-json\/wp\/v2\/pages\/179","targetHints":{"allow":["GET"]}}],"collection":[{"href":"https:\/\/www.manubrok.com\/ca\/wp-json\/wp\/v2\/pages"}],"about":[{"href":"https:\/\/www.manubrok.com\/ca\/wp-json\/wp\/v2\/types\/page"}],"author":[{"embeddable":true,"href":"https:\/\/www.manubrok.com\/ca\/wp-json\/wp\/v2\/users\/3"}],"replies":[{"embeddable":true,"href":"https:\/\/www.manubrok.com\/ca\/wp-json\/wp\/v2\/comments?post=179"}],"version-history":[{"count":2,"href":"https:\/\/www.manubrok.com\/ca\/wp-json\/wp\/v2\/pages\/179\/revisions"}],"predecessor-version":[{"id":661,"href":"https:\/\/www.manubrok.com\/ca\/wp-json\/wp\/v2\/pages\/179\/revisions\/661"}],"wp:attachment":[{"href":"https:\/\/www.manubrok.com\/ca\/wp-json\/wp\/v2\/media?parent=179"}],"curies":[{"name":"wp","href":"https:\/\/api.w.org\/{rel}","templated":true}]}}