{"id":325,"date":"2017-05-20T15:10:49","date_gmt":"2017-05-20T15:10:49","guid":{"rendered":"http:\/\/www.manubrok.com\/?page_id=325"},"modified":"2017-05-20T15:10:49","modified_gmt":"2017-05-20T15:10:49","slug":"gracias-por-su-colaboracion","status":"publish","type":"page","link":"https:\/\/www.manubrok.com\/ca\/gracias-por-su-colaboracion\/","title":{"rendered":"\u00a1Gracias por su colaboraci\u00f3n!"},"content":{"rendered":"<p>Gracias por su colaboraci\u00f3n, en breve le llamaremos para concertar una entrevista y ampliarle al informaci\u00f3n.<\/p>\n<p>&nbsp;<\/p>\n<div><\/div>\n","protected":false},"excerpt":{"rendered":"<p>Gracias por su colaboraci\u00f3n, en breve le llamaremos para concertar una entrevista y ampliarle al informaci\u00f3n. &nbsp;<\/p>\n","protected":false},"author":3,"featured_media":0,"parent":0,"menu_order":0,"comment_status":"closed","ping_status":"closed","template":"","meta":{"footnotes":""},"class_list":["post-325","page","type-page","status-publish","hentry"],"_links":{"self":[{"href":"https:\/\/www.manubrok.com\/ca\/wp-json\/wp\/v2\/pages\/325","targetHints":{"allow":["GET"]}}],"collection":[{"href":"https:\/\/www.manubrok.com\/ca\/wp-json\/wp\/v2\/pages"}],"about":[{"href":"https:\/\/www.manubrok.com\/ca\/wp-json\/wp\/v2\/types\/page"}],"author":[{"embeddable":true,"href":"https:\/\/www.manubrok.com\/ca\/wp-json\/wp\/v2\/users\/3"}],"replies":[{"embeddable":true,"href":"https:\/\/www.manubrok.com\/ca\/wp-json\/wp\/v2\/comments?post=325"}],"version-history":[{"count":1,"href":"https:\/\/www.manubrok.com\/ca\/wp-json\/wp\/v2\/pages\/325\/revisions"}],"predecessor-version":[{"id":327,"href":"https:\/\/www.manubrok.com\/ca\/wp-json\/wp\/v2\/pages\/325\/revisions\/327"}],"wp:attachment":[{"href":"https:\/\/www.manubrok.com\/ca\/wp-json\/wp\/v2\/media?parent=325"}],"curies":[{"name":"wp","href":"https:\/\/api.w.org\/{rel}","templated":true}]}}