{"id":430,"date":"2018-03-23T08:48:14","date_gmt":"2018-03-23T08:48:14","guid":{"rendered":"http:\/\/www.manubrok.com\/?page_id=430"},"modified":"2018-03-23T08:48:14","modified_gmt":"2018-03-23T08:48:14","slug":"lo-que-dicen-de-nosotros","status":"publish","type":"page","link":"https:\/\/www.manubrok.com\/ca\/lo-que-dicen-de-nosotros\/","title":{"rendered":"El que diuen de nosaltres"},"content":{"rendered":"<p><\/p>\n<section id=\"content\" class=\"content\">\n<div id=\"post-91\" class=\"post-91 page type-page status-publish hentry\">\n<div class=\"page-content\">\n<blockquote><p>Durant el 2007-2008 v\u00e0rem patir les conseq\u00fc\u00e8ncies de la crisi immobili\u00e0ria, les classificacions de la nostra asseguran\u00e7a es van reduir i cancel\u00b7lar massivament, al mateix temps que la prima de l\u2019asseguran\u00e7a s\u2019incrementava astron\u00f2micament, de manera que l\u2019asseguran\u00e7a va deixar de ser operativa pel nostre grup d\u2019empreses.<\/p>\n<p>Per\u00f2 gr\u00e0cies a la proposta imaginativa de MANUBROK , tenim novament acc\u00e9s a una eina d\u2019informaci\u00f3 credit\u00edcia d\u2019empreses i a poder assegurar part de la nostra cartera de clients a un preu equilibrat, el qual s\u2019adapta a les nostres necessitats particulars.<\/p>\n<p>Recomanem la gesti\u00f3 professional i propera de MANUBROK a altres empreses del nostre sector.<\/p>\n<h4 class=\"testimonial-name\">Tino Marzo Puigfel<br \/>\n<em>Director Comercial Grup Puigfel<\/em><\/h4>\n<p><a href=\"http:\/\/www.grup-puigfel.es\/\" target=\"_blank\" rel=\"noopener noreferrer\"><img loading=\"lazy\" decoding=\"async\" class=\"alignnone size-medium wp-image-215\" src=\"http:\/\/s671038930.mialojamiento.es\/wp-content\/uploads\/2017\/01\/Sin-t%C3%ADtulo-1-300x104.png\" sizes=\"auto, (max-width: 300px) 100vw, 300px\" srcset=\"http:\/\/www.manubrok.com\/wp-content\/uploads\/2017\/01\/Sin-t\u00edtulo-1-300x104.png 300w, http:\/\/www.manubrok.com\/wp-content\/uploads\/2017\/01\/Sin-t\u00edtulo-1.png 315w\" alt=\"\" width=\"300\" height=\"104\" \/><\/a><\/p>\n<p>&nbsp;<\/p>\n<p>Varem iniciar la contractaci\u00f3 de l\u2019asseguran\u00e7a de cr\u00e8dit cobrint les nostres vendes amb una companyia l\u00edder en el sector mitjan\u00e7ant un agent afecte, creient que hav\u00edem contractat la millor opci\u00f3 possible.<\/p>\n<p>Res m\u00e9s lluny de la realitat, per sort MANUBROK ens va descobrir altres opcions del mercat que desconeix\u00edem per complet, per\u00f2 que al final van resultar decisives per a la gesti\u00f3 eficient dels nostres riscos comercials.<\/p>\n<p>Gr\u00e0cies a la professionalitat de MANUBROK\u00a0la nostra p\u00f2lissa s\u2019actualitza cada any amb la renovaci\u00f3 anual, incorporant les millores i les novetats del sector assegurador.<\/p>\n<h4 class=\"testimonial-name\">Manuel Dom\u00ednguez<br \/>\n<em>Director Financer de Mercerizados Guasch<\/em><\/h4>\n<h4 class=\"testimonial-name\"><img loading=\"lazy\" decoding=\"async\" class=\"wp-image-425 alignleft\" src=\"http:\/\/www.manubrok.com\/wp-content\/uploads\/2017\/02\/logo-mydrap.png\" sizes=\"auto, (max-width: 130px) 100vw, 130px\" srcset=\"http:\/\/www.manubrok.com\/wp-content\/uploads\/2017\/02\/logo-mydrap.png 313w, http:\/\/www.manubrok.com\/wp-content\/uploads\/2017\/02\/logo-mydrap-150x150.png 150w, http:\/\/www.manubrok.com\/wp-content\/uploads\/2017\/02\/logo-mydrap-300x300.png 300w\" alt=\"\" width=\"130\" height=\"130\" \/><\/h4>\n<\/blockquote>\n<p>&nbsp;<\/p>\n<blockquote><p>&nbsp;<\/p>\n<p>&nbsp;<\/p>\n<p>&nbsp;<\/p>\n<p>Estem molt satisfets amb la professionalitat de MANUBROK i valorem molt positivament la seva independ\u00e8ncia de qualsevol asseguradora , el que ens ha perm\u00e8s disposar de la millor opci\u00f3 possible de tot el mercat assegurador.<\/p>\n<p>El seu suport en la gesti\u00f3 di\u00e0ria de la p\u00f2lissa, ens ha ajudat a millorar les classificacions i a con\u00e8ixer en detall la operativa de l\u2019asseguran\u00e7a de cr\u00e8dit.<\/p>\n<h4>Francesc Rossinyol<br \/>\n<em>Director Financer\u00a0de Crea Empleo ETT<\/em><\/h4>\n<p><a href=\"http:\/\/www.creaempleo.es\/es\" target=\"_blank\" rel=\"noopener noreferrer\"><img loading=\"lazy\" decoding=\"async\" class=\"alignnone size-medium wp-image-216\" src=\"http:\/\/s671038930.mialojamiento.es\/wp-content\/uploads\/2017\/02\/logo-300x131.png\" sizes=\"auto, (max-width: 300px) 100vw, 300px\" srcset=\"http:\/\/s671038930.mialojamiento.es\/wp-content\/uploads\/2017\/02\/logo-300x131.png 300w, http:\/\/s671038930.mialojamiento.es\/wp-content\/uploads\/2017\/02\/logo.png 750w\" alt=\"\" width=\"300\" height=\"131\" \/><\/a><\/p>\n<p>&nbsp;<\/p>\n<p>&nbsp;<\/p>\n<p>En un mercat tant competitiu com el de Transports i Log\u00edstica, \u00e9s de vital import\u00e0ncia disposar d\u2019informaci\u00f3 comercial r\u00e0pida i sense demores, dels nostres clients.<br \/>\nMANUBROK ens ha ofert la millor opci\u00f3 del mercat assegurador i la seva vocaci\u00f3 de servei ens ha perm\u00e8s millorar costos, any rere any.<\/p>\n<h4>Francesc\u00a0Llorens<br \/>\n<em>CEO en Logway2007, SL y Agencia Nord SL (Nordlogway)<\/em><\/h4>\n<h4><a href=\"https:\/\/www.nordlogway.com\/esp\/\" target=\"_blank\" rel=\"noopener noreferrer\"><img loading=\"lazy\" decoding=\"async\" class=\"alignnone size-medium wp-image-258\" src=\"http:\/\/s671038930.mialojamiento.es\/wp-content\/uploads\/2017\/02\/cid_2A24215A-51EF-444D-8D97-2EC6DC00990E-300x110.png\" sizes=\"auto, (max-width: 300px) 100vw, 300px\" srcset=\"http:\/\/s671038930.mialojamiento.es\/wp-content\/uploads\/2017\/02\/cid_2A24215A-51EF-444D-8D97-2EC6DC00990E-300x110.png 300w, http:\/\/s671038930.mialojamiento.es\/wp-content\/uploads\/2017\/02\/cid_2A24215A-51EF-444D-8D97-2EC6DC00990E.png 640w\" alt=\"\" width=\"300\" height=\"110\" \/><\/a><\/h4>\n<\/blockquote>\n<\/div>\n<\/div>\n<\/section>\n<aside id=\"sidebar\" class=\"sidebar sidebar-primary\">\n<div id=\"text-5\" class=\"widget widget_text\"><\/div>\n<\/aside>\n<p><\/p>","protected":false},"excerpt":{"rendered":"<p>Durant el 2007-2008 v\u00e0rem patir les conseq\u00fc\u00e8ncies de la crisi immobili\u00e0ria, les classificacions de la nostra asseguran\u00e7a es van reduir i cancel\u00b7lar massivament, al mateix temps que la prima de l\u2019asseguran\u00e7a s\u2019incrementava astron\u00f2micament, de manera que l\u2019asseguran\u00e7a va deixar de ser operativa pel nostre grup d\u2019empreses. Per\u00f2 gr\u00e0cies a la proposta imaginativa de MANUBROK , tenim novament acc\u00e9s a una eina d\u2019informaci\u00f3 credit\u00edcia d\u2019empreses i a poder assegurar part de la nostra cartera de clients&hellip;<\/p>\n","protected":false},"author":3,"featured_media":0,"parent":0,"menu_order":0,"comment_status":"closed","ping_status":"closed","template":"","meta":{"footnotes":""},"class_list":["post-430","page","type-page","status-publish","hentry"],"_links":{"self":[{"href":"https:\/\/www.manubrok.com\/ca\/wp-json\/wp\/v2\/pages\/430","targetHints":{"allow":["GET"]}}],"collection":[{"href":"https:\/\/www.manubrok.com\/ca\/wp-json\/wp\/v2\/pages"}],"about":[{"href":"https:\/\/www.manubrok.com\/ca\/wp-json\/wp\/v2\/types\/page"}],"author":[{"embeddable":true,"href":"https:\/\/www.manubrok.com\/ca\/wp-json\/wp\/v2\/users\/3"}],"replies":[{"embeddable":true,"href":"https:\/\/www.manubrok.com\/ca\/wp-json\/wp\/v2\/comments?post=430"}],"version-history":[{"count":1,"href":"https:\/\/www.manubrok.com\/ca\/wp-json\/wp\/v2\/pages\/430\/revisions"}],"predecessor-version":[{"id":432,"href":"https:\/\/www.manubrok.com\/ca\/wp-json\/wp\/v2\/pages\/430\/revisions\/432"}],"wp:attachment":[{"href":"https:\/\/www.manubrok.com\/ca\/wp-json\/wp\/v2\/media?parent=430"}],"curies":[{"name":"wp","href":"https:\/\/api.w.org\/{rel}","templated":true}]}}