{"id":91,"date":"2017-01-20T08:34:05","date_gmt":"2017-01-20T08:34:05","guid":{"rendered":"http:\/\/s671038930.mialojamiento.es\/?page_id=91"},"modified":"2018-03-23T08:49:34","modified_gmt":"2018-03-23T08:49:34","slug":"por-que-manubrok","status":"publish","type":"page","link":"https:\/\/www.manubrok.com\/ca\/por-que-manubrok\/","title":{"rendered":"Filosofia"},"content":{"rendered":"<p>No som ni m\u00e9s llestos, ni m\u00e9s grans, ni m\u00e9s guapos, SOM CORREDORS PROFESSIONALS DE L\u2019ASSEGURAN\u00c7A DE CR\u00c8DIT.<\/p>\n<p>M\u00c9S DE 20 ANYS D\u2019EXPERI\u00c8NCIA ens han perm\u00e8s con\u00e8ixer una gran varietat d\u2019empreses amb activitats i necessitats molt diferents.<\/p>\n<p>Cada empresa, cada risc comercial \u00e9s un repte que afrontem amb IL\u00b7LUSI\u00d3 , TENACITAT I VOCACI\u00d3 DE SERVEI CAP ALS NOSTRES CLIENTS.<\/p>\n<p>A MANUBROK, EL CLIENT (en maj\u00fascules) \u00e9s la nostra ra\u00f3 de ser, i en ell centrem tots els nostres sentits, dedicant-li un tracte personalitzat , proper, professional i sincer.<\/p>\n<p>&nbsp;<\/p>\n<p>JORDI MAESO NUET<br \/>\nDirector \/ Administrador<br \/>\nEconomista i Corredor d&#8217;assegurances<\/p>\n<p class=\"western\"><strong>MEMBERSHIPS<\/strong><\/p>\n<p class=\"western\"><a href=\"http:\/\/s671038930.mialojamiento.es\/wp-content\/uploads\/2017\/01\/APGRI-Quadrat-COLOR_600.jpg\"><img loading=\"lazy\" decoding=\"async\" class=\"wp-image-236 alignleft\" src=\"http:\/\/s671038930.mialojamiento.es\/wp-content\/uploads\/2017\/01\/APGRI-Quadrat-COLOR_600-300x300.jpg\" alt=\"\" width=\"106\" height=\"106\" srcset=\"https:\/\/www.manubrok.com\/wp-content\/uploads\/2017\/01\/APGRI-Quadrat-COLOR_600-300x300.jpg 300w, https:\/\/www.manubrok.com\/wp-content\/uploads\/2017\/01\/APGRI-Quadrat-COLOR_600-150x150.jpg 150w, https:\/\/www.manubrok.com\/wp-content\/uploads\/2017\/01\/APGRI-Quadrat-COLOR_600.jpg 600w\" sizes=\"auto, (max-width: 106px) 100vw, 106px\" \/><\/a>Membre\u00a0 d&#8217;APGRI: ASOCIACI\u00d3N DE PROFESIONALES DE LA GESTION DEL RIESGO DE CREDITO Y COBRO.<\/p>\n<p>&nbsp;<\/p>\n<p class=\"western\">Membre d&#8217;AC<a href=\"http:\/\/s671038930.mialojamiento.es\/wp-content\/uploads\/2017\/02\/acca.jpg\"><img loading=\"lazy\" decoding=\"async\" class=\" wp-image-220 alignleft\" src=\"http:\/\/s671038930.mialojamiento.es\/wp-content\/uploads\/2017\/02\/acca.jpg\" alt=\"\" width=\"127\" height=\"52\" \/><\/a>CA: Associaci\u00f3 Catalana de Corredors i Corredories d\u2019 Asseguran\u00e7es.<\/p>\n<p class=\"western\"><strong>\u00a0<\/strong><\/p>\n<p class=\"western\">\n<p><\/p>","protected":false},"excerpt":{"rendered":"<p>No som ni m\u00e9s llestos, ni m\u00e9s grans, ni m\u00e9s guapos, SOM CORREDORS PROFESSIONALS DE L\u2019ASSEGURAN\u00c7A DE CR\u00c8DIT. M\u00c9S DE 20 ANYS D\u2019EXPERI\u00c8NCIA ens han perm\u00e8s con\u00e8ixer una gran varietat d\u2019empreses amb activitats i necessitats molt diferents. Cada empresa, cada risc comercial \u00e9s un repte que afrontem amb IL\u00b7LUSI\u00d3 , TENACITAT I VOCACI\u00d3 DE SERVEI CAP ALS NOSTRES CLIENTS. A MANUBROK, EL CLIENT (en maj\u00fascules) \u00e9s la nostra ra\u00f3 de ser, i en ell centrem&hellip;<\/p>\n","protected":false},"author":3,"featured_media":0,"parent":0,"menu_order":0,"comment_status":"closed","ping_status":"closed","template":"","meta":{"footnotes":""},"class_list":["post-91","page","type-page","status-publish","hentry"],"_links":{"self":[{"href":"https:\/\/www.manubrok.com\/ca\/wp-json\/wp\/v2\/pages\/91","targetHints":{"allow":["GET"]}}],"collection":[{"href":"https:\/\/www.manubrok.com\/ca\/wp-json\/wp\/v2\/pages"}],"about":[{"href":"https:\/\/www.manubrok.com\/ca\/wp-json\/wp\/v2\/types\/page"}],"author":[{"embeddable":true,"href":"https:\/\/www.manubrok.com\/ca\/wp-json\/wp\/v2\/users\/3"}],"replies":[{"embeddable":true,"href":"https:\/\/www.manubrok.com\/ca\/wp-json\/wp\/v2\/comments?post=91"}],"version-history":[{"count":24,"href":"https:\/\/www.manubrok.com\/ca\/wp-json\/wp\/v2\/pages\/91\/revisions"}],"predecessor-version":[{"id":433,"href":"https:\/\/www.manubrok.com\/ca\/wp-json\/wp\/v2\/pages\/91\/revisions\/433"}],"wp:attachment":[{"href":"https:\/\/www.manubrok.com\/ca\/wp-json\/wp\/v2\/media?parent=91"}],"curies":[{"name":"wp","href":"https:\/\/api.w.org\/{rel}","templated":true}]}}