{"id":95,"date":"2017-01-20T08:36:29","date_gmt":"2017-01-20T08:36:29","guid":{"rendered":"http:\/\/s671038930.mialojamiento.es\/?page_id=95"},"modified":"2017-09-24T06:14:25","modified_gmt":"2017-09-24T06:14:25","slug":"faq","status":"publish","type":"page","link":"https:\/\/www.manubrok.com\/ca\/faq\/","title":{"rendered":"FAQ"},"content":{"rendered":"<p><strong>Qu\u00e8 \u00e9s una asseguran\u00e7a de cr\u00e8dit ?<\/strong><\/p>\n<p>La funci\u00f3 de tota asseguran\u00e7a \u00e9s la de pagar una indemnitzaci\u00f3 a l\u2019assegurat en cas de sinistre, a canvi del pagament d\u2019una prima d\u2019asseguran\u00e7a. Aquesta tamb\u00e9 \u00e9s la funci\u00f3 de l\u2019asseguran\u00e7a de cr\u00e8dit en el cas que els deutors de l\u2019 assegurat impaguin els seus deutes. Per\u00f2 a m\u00e9s a m\u00e9s, l\u2019asseguran\u00e7a de cr\u00e8dit realitza 2 funcions addicionals la PREVENCI\u00d3 i l\u2019acci\u00f3 de RECOBRAMENT.<\/p>\n<p><strong>Com la puc contractar ?<\/strong><\/p>\n<p>B\u00e0sicament hi ha 2 maneres: la primera, per la contractaci\u00f3 directa a una asseguradora de cr\u00e8dit, mitjan\u00e7ant un agent afecte o un agent exclusiu.<br \/>\nI la segona contractar-la amb la mediaci\u00f3 d\u2019un corredor d\u2018assegurances especialitzat en assegurances de cr\u00e8dit.<\/p>\n<p><strong>Quina difer\u00e8ncia hi ha entre contractar amb un agent afecte\/exclusiu o amb un corredor especialitzat ?<\/strong><\/p>\n<p>L\u2019agent afecte \u00e9s un venedor d\u2019una asseguradora en particular, el seu \u00fanic objectiu \u00e9s vendre una asseguran\u00e7a de la seva asseguradora.<br \/>\nD\u2019altra banda el corredor especialitzat , coneix totes les asseguradores del mercat i el seu objectiu \u00e9s trobar aquella opci\u00f3 de tot el mercat assegurador que millor s\u2019adapti a les necessitats espec\u00edfiques del seu client.<\/p>\n<p><strong>Contractar l\u2019asseguran\u00e7a amb un mediador especialitzat \u00e9s m\u00e9s car que fer-ho amb un agent afecte-exclusiu ?<\/strong><\/p>\n<p>La remuneraci\u00f3, tant del agent afecta com del corredor especialitzat, \u00e9s una petita comissi\u00f3 sobre la prima d\u2019asseguran\u00e7a. Aquesta comissi\u00f3 no suposa cap cost addcional per l\u2019assegurat , ja que \u00e9s un cost fixe e independent del canal de contractaci\u00f3 utilitzat. En canvi, el cost de la prima d\u2019asseguran\u00e7a ser\u00e0 menor i per tant m\u00e9s benefici\u00f3s per l\u2019assegurat , si contracta la p\u00f2lissa amb un corredor especialitzat, ja que el corredor obtindr\u00e0 uns preus millors que els que obtingui l\u2019agent afecte.<\/p>\n<p><strong>Qu\u00e8 t\u00e9 d\u2019especial una asseguran\u00e7a de cr\u00e8dit?<\/strong><\/p>\n<p>A la majoria d\u2019assegurances generals l\u2019\u00fanica obligaci\u00f3 de l\u2019assegurat \u00e9s pagar la prima de l\u2019asseguran\u00e7a i poca cosa m\u00e9s, en canvi, l\u2019asseguran\u00e7a de cr\u00e8dit porta impl\u00edcitament unes obligacions a l\u2019assegurat el qual ha de complir escrupulosament, amb l\u2019objecte de que els sinistres siguin indemnitzables.<\/p>\n<p>A m\u00e9s , l\u2019asseguran\u00e7a de cr\u00e8dit pertany a la modalitat de grans riscos, que implica que la \u201cley del contrato de seguro\u201d no actua de forma imperativa si no \u00fanicament complement\u00e0riament i sempre que no s\u2019oposi a les cl\u00e0usules del mateix contracte.<\/p>\n<p><strong>Haig d\u2019assegurar totes les meves vendes?<\/strong><\/p>\n<p>No, \u00fanicament les vendes a cr\u00e8dit assegurables.Cal recordar que les seg\u00fcents vendes no son assegurables: vendes a l\u2019administraci\u00f3 p\u00fablica, vendes a particulars, ni les vendes a cr\u00e8dit cobertes per un factoring sense recursos o amb una carta de cr\u00e8dit irrevocable.<br \/>\nHi ha asseguradores que permeten que l\u2019assegurat decideixi lliurament quins deutors vol cobrir espec\u00edficament.<\/p>\n<p><strong>Per qu\u00e8 l\u2019asseguran\u00e7a de cr\u00e8dit no cobreix tots els meus clients?<\/strong><\/p>\n<p>L\u2019asseguradora estudia a priori la solv\u00e8ncia de cadascun dels clients, cobrint nom\u00e9s a aquells que a priori son solvents o que presentin unes bones comptes, en cap cas pot cobrir un client que ja sigui mor\u00f3s o que inevitablement ho pogui ser.<\/p>\n<p><strong>Qu\u00e8 \u00e9s el cr\u00e8dit management?<\/strong><\/p>\n<p>Es un conjunt de tecniques que busquen la gesti\u00f3 eficient dels cr\u00e8dits comercials per tal que siguin liquidats en temps i forma, i aix\u00ed permetin millorar la tresoreria i la rendabilitat de l\u2019empresa<br \/>\nQuin tipus de informaci\u00f3 comercial puc obtenir ?<br \/>\nNo son informes comercials, si no que donem informaci\u00f3 de la classificaci\u00f3 cr\u00e8diticia que donen les asseguradores<\/p>\n<p><strong>Puc reclamar un deute no cobert per l\u2019asseguradora?<\/strong><\/p>\n<p>Si, el recobrament \u00e9s un servei que la majoria d\u2019asseguradores ofereixen independentment del contracte d\u2019asseguran\u00e7a,i a m\u00e9s \u00e9s molt recomanable per els deutes no cobrats el extranger<\/p>\n<p><strong>Puc millorar el finan\u00e7ament de la meva empresa amb l\u2019asseguran\u00e7a de cr\u00e8dit?<\/strong><\/p>\n<p>S\u00ed., i a m\u00e9s pot accedir a finan\u00e7ament alternatiu no bancari, i que no computa en el CIRBE.<\/p>\n<p><strong>Puc saber quin risc concedeixen a la meva empresa?<\/strong><\/p>\n<p>Evidentment, per\u00f2 a m\u00e9s a m\u00e9s, podem ajudar-lo a millorar el score creditici de la seva empresa, per tal que els seus prove\u00efdors gaudeixin de major cobertura.<\/p>","protected":false},"excerpt":{"rendered":"<p>Qu\u00e8 \u00e9s una asseguran\u00e7a de cr\u00e8dit ? La funci\u00f3 de tota asseguran\u00e7a \u00e9s la de pagar una indemnitzaci\u00f3 a l\u2019assegurat en cas de sinistre, a canvi del pagament d\u2019una prima d\u2019asseguran\u00e7a. Aquesta tamb\u00e9 \u00e9s la funci\u00f3 de l\u2019asseguran\u00e7a de cr\u00e8dit en el cas que els deutors de l\u2019 assegurat impaguin els seus deutes. Per\u00f2 a m\u00e9s a m\u00e9s, l\u2019asseguran\u00e7a de cr\u00e8dit realitza 2 funcions addicionals la PREVENCI\u00d3 i l\u2019acci\u00f3 de RECOBRAMENT. Com la puc contractar&hellip;<\/p>\n","protected":false},"author":3,"featured_media":0,"parent":0,"menu_order":0,"comment_status":"closed","ping_status":"closed","template":"","meta":{"footnotes":""},"class_list":["post-95","page","type-page","status-publish","hentry"],"_links":{"self":[{"href":"https:\/\/www.manubrok.com\/ca\/wp-json\/wp\/v2\/pages\/95","targetHints":{"allow":["GET"]}}],"collection":[{"href":"https:\/\/www.manubrok.com\/ca\/wp-json\/wp\/v2\/pages"}],"about":[{"href":"https:\/\/www.manubrok.com\/ca\/wp-json\/wp\/v2\/types\/page"}],"author":[{"embeddable":true,"href":"https:\/\/www.manubrok.com\/ca\/wp-json\/wp\/v2\/users\/3"}],"replies":[{"embeddable":true,"href":"https:\/\/www.manubrok.com\/ca\/wp-json\/wp\/v2\/comments?post=95"}],"version-history":[{"count":5,"href":"https:\/\/www.manubrok.com\/ca\/wp-json\/wp\/v2\/pages\/95\/revisions"}],"predecessor-version":[{"id":357,"href":"https:\/\/www.manubrok.com\/ca\/wp-json\/wp\/v2\/pages\/95\/revisions\/357"}],"wp:attachment":[{"href":"https:\/\/www.manubrok.com\/ca\/wp-json\/wp\/v2\/media?parent=95"}],"curies":[{"name":"wp","href":"https:\/\/api.w.org\/{rel}","templated":true}]}}